{"id":11,"date":"2023-11-06T10:25:08","date_gmt":"2023-11-06T10:25:08","guid":{"rendered":"https:\/\/alebaquero.com\/?page_id=11"},"modified":"2026-04-01T11:50:53","modified_gmt":"2026-04-01T11:50:53","slug":"inicio","status":"publish","type":"page","link":"https:\/\/alebaquero.com\/","title":{"rendered":"INICIO"},"content":{"rendered":"\n<section id=\"section-22af3027-09fc-456d-b4b7-377f4ff70b6c\" class=\"wp-block-gutentor-about-block gutentor-section gutentor-about about-template1\"><div class=\"grid-container\"><div class=\"gutentor-grid-item-wrap\"><div class=\"gutentor-single-item\"><div class=\"grid-row\"><div class=\"grid-md-6 about-grid\"><div class=\"gutentor-single-item-image-box\"><div class=\"gutentor-image-thumb\"><img loading=\"lazy\" decoding=\"async\" class=\"normal-image\" src=\"https:\/\/alebaquero.com\/wp-content\/uploads\/2023\/11\/AB_LOGO.png\" alt=\"Ale Baquero Official Site\" height=\"600\" width=\"600\"\/><\/div><\/div><\/div><div class=\"grid-md-6 about-grid\"><div class=\"gutentor-single-item-content\"><div class=\"gutentor-about-content\"><h3 class=\"gutentor-single-item-title\">Bienvenidos a Ale Baquero <br>Official Site<\/h3><p class=\"gutentor-single-item-desc\"><strong>Ale Baquero<\/strong> es un DJ profesional de Sevilla, Andaluc\u00eda, Espa\u00f1a, cuyo nombre ha sido sin\u00f3nimo de innovaci\u00f3n en la m\u00fasica electr\u00f3nica desde la d\u00e9cada de 1990. Es un pionero en g\u00e9neros como el Hardcore, BreakBeat, Drum &amp; Bass, Bassline y Nuskool, y su influencia perdura.<br><br>Recientemente particip\u00f3 en el documental \u00ab<strong>BREAK NATION<\/strong>\u00ab, una mirada retrospectiva al BreakBeat en Andaluc\u00eda. Adem\u00e1s, comparti\u00f3 su conocimiento como Maestro de DJ en 2001.<br><br>Si buscas una experiencia musical \u00fanica o deseas contratar sus servicios, explora m\u00e1s en su p\u00e1gina oficial. Ale Baquero te invita a un emocionante viaje musical. \u00a1S\u00famate a su legado sonoro!<\/p><\/div><\/div><\/div><\/div><\/div><\/div><\/div><\/section>\n\n\n\n<section id=\"section-3a86f4fe-16e5-4f56-a4af-0334e59b1feb\" class=\"wp-block-gutentor-about-block gutentor-section gutentor-about about-template6 has-image-bg has-custom-bg\"><div class=\"grid-container\"><div class=\"gutentor-grid-item-wrap\"><div class=\"gutentor-single-item\"><div class=\"grid-row\"><div class=\"grid-md-6 about-grid\"><div class=\"gutentor-single-item-content\"><div class=\"gutentor-about-content\"><h3 class=\"gutentor-single-item-title\"> Camisetas Oficiales<br>Ale Baquero<\/h3><p class=\"gutentor-single-item-desc\"> Consigue tu camiseta Oficial de Ale Baquero por un precio de risa, por 16 \u20ac m\u00e1s gastos de envio tendr\u00e1s la exclusiva camiseta. <br>Corre que se acaban!<\/p><a class=\"gutentor-button gutentor-single-item-button gutentor-icon-after\" href=\"mailto:info@alebaquero.com\"><i class=\"gutentor-button-icon fas fa-chevron-right\"><\/i><span>Consiguela Ya!<\/span><\/a><\/div><\/div><\/div><div class=\"grid-md-6 about-grid\"><div class=\"gutentor-single-item-image-box\"><div class=\"gutentor-image-thumb\"><img loading=\"lazy\" decoding=\"async\" class=\"normal-image\" src=\"https:\/\/alebaquero.com\/wp-content\/uploads\/2024\/02\/ALEBAQERO_T-SHIRTS_TRANS.png\" alt=\"ALEBAQUERO_T-SHIRTS_TRANS\" height=\"500\" width=\"500\"\/><\/div><\/div><\/div><\/div><\/div><\/div><\/div><\/section>\n\n\n\n<section id=\"section-c9c71c3e-40c0-4c08-913c-2532d6be347e\" class=\"wp-block-gutentor-video-popup gutentor-section gutentor-video-popup video-popup-template1 has-image-bg has-custom-bg has-gutentor-overlay\"><div class=\"grid-container\"><div class=\"gutentor-block-header\"><div class=\"gutentor-section-title text-center\"><h2 class=\"gutentor-title\">ALE BAQUERO DOCUMENTAL BREAKNATION<\/h2><\/div><\/div><div class=\"gutentor-grid-item-wrap\"><div class=\"gutentor-single-item\"><div class=\"gutentor-single-item-image-box\"><a class=\"gutentor-video-popup-holder\" href=\"https:\/\/alebaquero.com\/wp-content\/uploads\/2024\/01\/ALEBAQUERO_3_COMPRI.mp4\"><span class=\"video-popup-icon-box\"><i class=\"fas fa-play\"><\/i> <\/span><\/a><\/div><\/div><\/div><\/div><\/section>\n\n\n\n<section id=\"section-6fe07cd8-b6cc-4485-be58-ab3d2ebc4a19\" class=\"wp-block-gutentor-gallery gutentor-section gutentor-gallery gutentor-gallery-wrapper enable-masonry gallery-template2\"><div class=\"grid-container\"><div class=\"grid-row gutentor-grid-item-wrap full-width-row\"><div class=\"gutentor-gallery-item grid-lg-6 grid-sm-4 grid-xs-12\"><div class=\"gutentor-single-item gutentor-image gutentor-single-item-0\"><div class=\"gutentor-gallery-item-wrap\"><div class=\"gutentor-single-item-image-box\"><div class=\"gutentor-image-thumb\"><img loading=\"lazy\" decoding=\"async\" class=\"normal-image\" src=\"https:\/\/alebaquero.com\/wp-content\/uploads\/2024\/01\/ALEBAQUERO.jpeg\" alt=\"ALEBAQUERO\" height=\"1249\" width=\"2048\"\/><div class=\"overlay\"><\/div><\/div><\/div><div class=\"gutentor-single-item-content\"><div class=\"gutentor-gallery-item-header\"><h3 class=\"gutentor-single-item-title\">ALE BAQUERO<\/h3><a href=\"https:\/\/alebaquero.com\/wp-content\/uploads\/2024\/01\/ALEBAQUERO.jpeg\" class=\"image-gallery\"><i class=\"gallery-icon fas fa-search\"><\/i><\/a><\/div><div class=\"gutentor-gallery-item-desc\"><\/div><\/div><\/div><\/div><\/div><div class=\"gutentor-gallery-item grid-lg-6 grid-sm-4 grid-xs-12\"><div class=\"gutentor-single-item gutentor-image gutentor-single-item-1\"><div class=\"gutentor-gallery-item-wrap\"><div class=\"gutentor-single-item-image-box\"><div class=\"gutentor-image-thumb\"><img loading=\"lazy\" decoding=\"async\" class=\"normal-image\" src=\"https:\/\/alebaquero.com\/wp-content\/uploads\/2024\/01\/ALEBAQUERO_I.jpeg\" alt=\"ALEBAQUERO\" height=\"1250\" width=\"2048\"\/><div class=\"overlay\"><\/div><\/div><\/div><div class=\"gutentor-single-item-content\"><div class=\"gutentor-gallery-item-header\"><h3 class=\"gutentor-single-item-title\">ALE BAQUERO <\/h3><a href=\"https:\/\/alebaquero.com\/wp-content\/uploads\/2024\/01\/ALEBAQUERO_I.jpeg\" class=\"image-gallery\"><i class=\"gallery-icon fas fa-search\"><\/i><\/a><\/div><div class=\"gutentor-gallery-item-desc\"><\/div><\/div><\/div><\/div><\/div><div class=\"gutentor-gallery-item grid-lg-6 grid-sm-4 grid-xs-12\"><div class=\"gutentor-single-item gutentor-image gutentor-single-item-2\"><div class=\"gutentor-gallery-item-wrap\"><div class=\"gutentor-single-item-image-box\"><div class=\"gutentor-image-thumb\"><img loading=\"lazy\" decoding=\"async\" class=\"normal-image\" src=\"https:\/\/alebaquero.com\/wp-content\/uploads\/2024\/01\/ALEBAQUERO_II.jpeg\" alt=\"\" height=\"984\" width=\"1920\"\/><div class=\"overlay\"><\/div><\/div><\/div><div class=\"gutentor-single-item-content\"><div class=\"gutentor-gallery-item-header\"><h3 class=\"gutentor-single-item-title\">ALE BAQUERO<\/h3><a href=\"https:\/\/alebaquero.com\/wp-content\/uploads\/2024\/01\/ALEBAQUERO_II.jpeg\" class=\"image-gallery\"><i class=\"gallery-icon fas fa-search\"><\/i><\/a><\/div><div class=\"gutentor-gallery-item-desc\"><\/div><\/div><\/div><\/div><\/div><div class=\"gutentor-gallery-item grid-lg-6 grid-sm-4 grid-xs-12\"><div class=\"gutentor-single-item gutentor-image gutentor-single-item-3\"><div class=\"gutentor-gallery-item-wrap\"><div class=\"gutentor-single-item-image-box\"><div class=\"gutentor-image-thumb\"><img loading=\"lazy\" decoding=\"async\" class=\"normal-image\" src=\"https:\/\/alebaquero.com\/wp-content\/uploads\/2024\/01\/ALEBAQUERO_III.jpeg\" alt=\"ALEBAQUERO\" height=\"935\" width=\"1920\"\/><div class=\"overlay\"><\/div><\/div><\/div><div class=\"gutentor-single-item-content\"><div class=\"gutentor-gallery-item-header\"><h3 class=\"gutentor-single-item-title\">ALE BAQUERO<\/h3><a href=\"https:\/\/alebaquero.com\/wp-content\/uploads\/2024\/01\/ALEBAQUERO_III.jpeg\" class=\"image-gallery\"><i class=\"gallery-icon fas fa-search\"><\/i><\/a><\/div><div class=\"gutentor-gallery-item-desc\"><\/div><\/div><\/div><\/div><\/div><\/div><\/div><\/section>\n\n\n\n<section id=\"section-5f244671-b787-4c7f-83ac-939eb9cd3725\" class=\"wp-block-gutentor-gallery gutentor-section gutentor-gallery gutentor-gallery-wrapper enable-masonry gallery-template2\"><div class=\"grid-container\"><div class=\"grid-row gutentor-grid-item-wrap full-width-row\"><div class=\"gutentor-gallery-item grid-lg-4 grid-md-4 grid-12\"><div class=\"gutentor-single-item gutentor-image gutentor-single-item-0\"><div class=\"gutentor-gallery-item-wrap\"><div class=\"gutentor-single-item-image-box\"><div class=\"gutentor-image-thumb\"><img loading=\"lazy\" decoding=\"async\" class=\"normal-image\" src=\"https:\/\/alebaquero.com\/wp-content\/uploads\/2024\/02\/LOVE90.jpeg\" alt=\"LOVE THE 90's\" height=\"1568\" width=\"1080\"\/><div class=\"overlay\"><\/div><\/div><\/div><div class=\"gutentor-single-item-content\"><div class=\"gutentor-gallery-item-header\"><h3 class=\"gutentor-single-item-title\"> LOVE THE 90&#8217;s<\/h3><a href=\"https:\/\/alebaquero.com\/wp-content\/uploads\/2024\/02\/LOVE90.jpeg\" class=\"image-gallery\"><i class=\"gallery-icon fas fa-search\"><\/i><\/a><\/div><div class=\"gutentor-gallery-item-desc\"><\/div><\/div><\/div><\/div><\/div><div class=\"gutentor-gallery-item grid-lg-4 grid-md-4 grid-12\"><div class=\"gutentor-single-item gutentor-image gutentor-single-item-1\"><div class=\"gutentor-gallery-item-wrap\"><div class=\"gutentor-single-item-image-box\"><div class=\"gutentor-image-thumb\"><img loading=\"lazy\" decoding=\"async\" class=\"normal-image\" src=\"https:\/\/alebaquero.com\/wp-content\/uploads\/2024\/02\/WhatsApp-Image-2024-02-08-at-10.38.04.jpeg\" alt=\"ALEBAQUERO ELECTROLUNK 2024\" height=\"1350\" width=\"1080\"\/><div class=\"overlay\"><\/div><\/div><\/div><div class=\"gutentor-single-item-content\"><div class=\"gutentor-gallery-item-header\"><h3 class=\"gutentor-single-item-title\"> ELECTROLUNCH<\/h3><a href=\"https:\/\/alebaquero.com\/wp-content\/uploads\/2024\/02\/WhatsApp-Image-2024-02-08-at-10.38.04.jpeg\" class=\"image-gallery\"><i class=\"gallery-icon fas fa-search\"><\/i><\/a><\/div><div class=\"gutentor-gallery-item-desc\"><\/div><\/div><\/div><\/div><\/div><div class=\"gutentor-gallery-item grid-lg-4 grid-md-4 grid-12\"><div class=\"gutentor-single-item gutentor-image gutentor-single-item-2\"><div class=\"gutentor-gallery-item-wrap\"><div class=\"gutentor-single-item-image-box\"><div class=\"gutentor-image-thumb\"><img loading=\"lazy\" decoding=\"async\" class=\"normal-image\" src=\"https:\/\/alebaquero.com\/wp-content\/uploads\/2024\/01\/419075079_766260472214150_8811864147678908750_n.jpg\" alt=\"ALE BAQUERO PARIS 15\" height=\"1350\" width=\"1080\"\/><div class=\"overlay\"><\/div><\/div><\/div><div class=\"gutentor-single-item-content\"><div class=\"gutentor-gallery-item-header\"><h3 class=\"gutentor-single-item-title\">PARIS15<\/h3><a href=\"https:\/\/alebaquero.com\/wp-content\/uploads\/2024\/01\/419075079_766260472214150_8811864147678908750_n.jpg\" class=\"image-gallery\"><i class=\"gallery-icon fas fa-search\"><\/i><\/a><\/div><div class=\"gutentor-gallery-item-desc\"><\/div><\/div><\/div><\/div><\/div><div class=\"gutentor-gallery-item grid-lg-4 grid-md-4 grid-12\"><div class=\"gutentor-single-item gutentor-image gutentor-single-item-3\"><div class=\"gutentor-gallery-item-wrap\"><div class=\"gutentor-single-item-image-box\"><div class=\"gutentor-image-thumb\"><img loading=\"lazy\" decoding=\"async\" class=\"normal-image\" src=\"https:\/\/alebaquero.com\/wp-content\/uploads\/2024\/01\/404568279_370297645369143_6692139009590236956_n-e1705566493806.jpg\" alt=\"ALE BAQUERO PANDORA\" height=\"600\" width=\"480\"\/><div class=\"overlay\"><\/div><\/div><\/div><div class=\"gutentor-single-item-content\"><div class=\"gutentor-gallery-item-header\"><h3 class=\"gutentor-single-item-title\">PANDORA<\/h3><a href=\"https:\/\/alebaquero.com\/wp-content\/uploads\/2024\/01\/404568279_370297645369143_6692139009590236956_n-e1705566493806.jpg\" class=\"image-gallery\"><i class=\"gallery-icon fas fa-search\"><\/i><\/a><\/div><div class=\"gutentor-gallery-item-desc\"><\/div><\/div><\/div><\/div><\/div><div class=\"gutentor-gallery-item grid-lg-4 grid-md-4 grid-12\"><div class=\"gutentor-single-item gutentor-image gutentor-single-item-4\"><div class=\"gutentor-gallery-item-wrap\"><div class=\"gutentor-single-item-image-box\"><div class=\"gutentor-image-thumb\"><img loading=\"lazy\" decoding=\"async\" class=\"normal-image\" src=\"https:\/\/alebaquero.com\/wp-content\/uploads\/2024\/01\/347415479_758453289408372_4553470743741511006_n-e1705584848889.jpg\" alt=\"ALE BAQUERO ANIMALIA EL BICHO\" height=\"600\" width=\"472\"\/><div class=\"overlay\"><\/div><\/div><\/div><div class=\"gutentor-single-item-content\"><div class=\"gutentor-gallery-item-header\"><h3 class=\"gutentor-single-item-title\">T\u00edtulo<\/h3><a href=\"https:\/\/alebaquero.com\/wp-content\/uploads\/2024\/01\/347415479_758453289408372_4553470743741511006_n-e1705584848889.jpg\" class=\"image-gallery\"><i class=\"gallery-icon fas fa-search\"><\/i><\/a><\/div><div class=\"gutentor-gallery-item-desc\"><\/div><\/div><\/div><\/div><\/div><div class=\"gutentor-gallery-item grid-lg-4 grid-md-4 grid-12\"><div class=\"gutentor-single-item gutentor-image gutentor-single-item-5\"><div class=\"gutentor-gallery-item-wrap\"><div class=\"gutentor-single-item-image-box\"><div class=\"gutentor-image-thumb\"><img loading=\"lazy\" decoding=\"async\" class=\"normal-image\" src=\"https:\/\/alebaquero.com\/wp-content\/uploads\/2024\/01\/RETRO_HALLOWEN_2023.jpg\" alt=\"ALE BAQUERO RAVEART\" height=\"1974\" width=\"1578\"\/><div class=\"overlay\"><\/div><\/div><\/div><div class=\"gutentor-single-item-content\"><div class=\"gutentor-gallery-item-header\"><h3 class=\"gutentor-single-item-title\"> RAVEART<\/h3><a href=\"https:\/\/alebaquero.com\/wp-content\/uploads\/2024\/01\/RETRO_HALLOWEN_2023.jpg\" class=\"image-gallery\"><i class=\"gallery-icon fas fa-search\"><\/i><\/a><\/div><div class=\"gutentor-gallery-item-desc\"><\/div><\/div><\/div><\/div><\/div><div class=\"gutentor-gallery-item grid-lg-4 grid-md-4 grid-12\"><div class=\"gutentor-single-item gutentor-image gutentor-single-item-6\"><div class=\"gutentor-gallery-item-wrap\"><div class=\"gutentor-single-item-image-box\"><div class=\"gutentor-image-thumb\"><img loading=\"lazy\" decoding=\"async\" class=\"normal-image\" src=\"https:\/\/alebaquero.com\/wp-content\/uploads\/2024\/01\/ic_large_w900h600q100_natural1.jpg\" alt=\"ALE BAQUERO NATURAL\" height=\"1000\" width=\"716\"\/><div class=\"overlay\"><\/div><\/div><\/div><div class=\"gutentor-single-item-content\"><div class=\"gutentor-gallery-item-header\"><h3 class=\"gutentor-single-item-title\">N\u00c4TURAL <\/h3><a href=\"https:\/\/alebaquero.com\/wp-content\/uploads\/2024\/01\/ic_large_w900h600q100_natural1.jpg\" class=\"image-gallery\"><i class=\"gallery-icon fas fa-search\"><\/i><\/a><\/div><div class=\"gutentor-gallery-item-desc\"><\/div><\/div><\/div><\/div><\/div><div class=\"gutentor-gallery-item grid-lg-4 grid-md-4 grid-12\"><div class=\"gutentor-single-item gutentor-image gutentor-single-item-7\"><div class=\"gutentor-gallery-item-wrap\"><div class=\"gutentor-single-item-image-box\"><div class=\"gutentor-image-thumb\"><img loading=\"lazy\" decoding=\"async\" class=\"normal-image\" src=\"https:\/\/alebaquero.com\/wp-content\/uploads\/2024\/01\/ic_large_w900h600q100_natural2.jpg\" alt=\"ALE BAQUERO NATURAL\" height=\"600\" width=\"458\"\/><div class=\"overlay\"><\/div><\/div><\/div><div class=\"gutentor-single-item-content\"><div class=\"gutentor-gallery-item-header\"><h3 class=\"gutentor-single-item-title\">N\u00c4TURAL<\/h3><a href=\"https:\/\/alebaquero.com\/wp-content\/uploads\/2024\/01\/ic_large_w900h600q100_natural2.jpg\" class=\"image-gallery\"><i class=\"gallery-icon fas fa-search\"><\/i><\/a><\/div><div class=\"gutentor-gallery-item-desc\"><\/div><\/div><\/div><\/div><\/div><div class=\"gutentor-gallery-item grid-lg-4 grid-md-4 grid-12\"><div class=\"gutentor-single-item gutentor-image gutentor-single-item-8\"><div class=\"gutentor-gallery-item-wrap\"><div class=\"gutentor-single-item-image-box\"><div class=\"gutentor-image-thumb\"><img loading=\"lazy\" decoding=\"async\" class=\"normal-image\" src=\"https:\/\/alebaquero.com\/wp-content\/uploads\/2024\/01\/BS7YCfTCIAA-uZO.jpg\" alt=\"ALE BAQUERO SATISFAXION\" height=\"839\" width=\"599\"\/><div class=\"overlay\"><\/div><\/div><\/div><div class=\"gutentor-single-item-content\"><div class=\"gutentor-gallery-item-header\"><h3 class=\"gutentor-single-item-title\">SATISFAXION<\/h3><a href=\"https:\/\/alebaquero.com\/wp-content\/uploads\/2024\/01\/BS7YCfTCIAA-uZO.jpg\" class=\"image-gallery\"><i class=\"gallery-icon fas fa-search\"><\/i><\/a><\/div><div class=\"gutentor-gallery-item-desc\"><\/div><\/div><\/div><\/div><\/div><\/div><\/div><\/section>\n\n\n\n<section id=\"section-efac5ded-c59d-4a73-bbe1-501a3793065c\" class=\"wp-block-gutentor-video-popup gutentor-section gutentor-video-popup video-popup-template1 has-image-bg has-custom-bg has-gutentor-overlay\"><div class=\"grid-container\"><div class=\"gutentor-grid-item-wrap\"><div class=\"gutentor-single-item\"><div class=\"gutentor-single-item-image-box\"><a class=\"gutentor-video-popup-holder\" href=\"https:\/\/www.youtube.com\/watch?v=y7U_K06Espc\"><span class=\"video-popup-icon-box\"><i class=\"fas fa-play\"><\/i> <\/span><\/a><\/div><\/div><\/div><\/div><\/section>\n\n\n\n<section id=\"section-40688a0b-13b2-4128-a165-2076b8f6c619\" class=\"wp-block-gutentor-advanced-columns gutentor-section gutentor-advanced-columns has-color-bg has-custom-bg\"><div class=\"grid-container\"><div class=\"grid-row\">\n<div id=\"section-9a2648c5-8722-41e7-8a03-646789811464\" class=\"wp-block-gutentor-single-column gutentor-single-column  grid-lg-6 grid-md-12 grid-12\">\n<section id=\"section-1cd4cf8f-18c7-4b77-a57c-afe42dd67733\" class=\"wp-block-gutentor-content-box gutentor-section gutentor-content-box-wrapper content-template1\"><div class=\"grid-container gutentor-rm-ct-space\"><div class=\"grid-row gutentor-grid-item-wrap gutentor-rm-row-space\"><div class=\"gutentor-grid-column grid-lg-12 grid-md-12 grid-12 gutentor-rm-col-space\"><div class=\"gutentor-single-item gutentor-single-item-0\"><div class=\"gutentor-single-item-wrap\"><div class=\"gutentor-single-item-content\"><h4 class=\"gutentor-single-item-title\"><strong>Contrataci\u00f3n <\/strong><\/h4><p class=\"gutentor-single-item-desc\">Aqu\u00ed tienes las v\u00edas para contratar los servicios de Ale Baquero.<\/p><\/div><\/div><\/div><\/div><div class=\"gutentor-grid-column grid-lg-12 grid-md-12 grid-12 gutentor-rm-col-space\"><div class=\"gutentor-single-item gutentor-single-item-1\"><div class=\"gutentor-single-item-wrap\"><div class=\"gutentor-single-item-content\"><h4 class=\"gutentor-single-item-title\">Contacto Manager<\/h4><p class=\"gutentor-single-item-desc\"><strong>Amalia Ligenfert:<\/strong>\u00a0677 312 124<\/p><\/div><\/div><\/div><\/div><\/div><\/div><\/section>\n\n\n\n<div id=\"section-g5cee11\" class=\"wp-block-gutentor-e5 section-g5cee11 gutentor-element gutentor-element-icon gutentor-icon-default\"><a class=\"gutentor-element-icon-link\" href=\"https:\/\/www.facebook.com\/alebaquero1972\/\" target=\"_blank\" rel=\" noopener noreferrer\"><div class=\"gutentor-element-icon-box\"><i class=\"fab fa-facebook\"><\/i><\/div><\/a><\/div>\n\n\n\n<div id=\"section-g712cb0\" class=\"wp-block-gutentor-e5 section-g712cb0 gutentor-element gutentor-element-icon gutentor-icon-default\"><a class=\"gutentor-element-icon-link\" href=\"https:\/\/www.instagram.com\/alebaquero1972\" target=\"_blank\" rel=\" noopener noreferrer\"><div class=\"gutentor-element-icon-box\"><i class=\"fab fa-instagram\"><\/i><\/div><\/a><\/div>\n<\/div>\n\n\n\n<div id=\"section-b9b71537-6a98-4059-a077-4b7b42b270b2\" class=\"wp-block-gutentor-single-column gutentor-single-column  grid-lg-6 grid-md-12 grid-12\">\n\n<div class=\"wpcf7 no-js\" id=\"wpcf7-f27-o1\" lang=\"es-ES\" dir=\"ltr\" data-wpcf7-id=\"27\">\n<div class=\"screen-reader-response\"><p role=\"status\" aria-live=\"polite\" aria-atomic=\"true\"><\/p> <ul><\/ul><\/div>\n<form action=\"\/index.php?rest_route=%2Fwp%2Fv2%2Fpages%2F11#wpcf7-f27-o1\" method=\"post\" class=\"wpcf7-form init\" aria-label=\"Formulario de contacto\" novalidate=\"novalidate\" data-status=\"init\">\n<fieldset class=\"hidden-fields-container\"><input type=\"hidden\" name=\"_wpcf7\" value=\"27\" \/><input type=\"hidden\" name=\"_wpcf7_version\" value=\"6.1.5\" \/><input type=\"hidden\" name=\"_wpcf7_locale\" value=\"es_ES\" \/><input type=\"hidden\" name=\"_wpcf7_unit_tag\" value=\"wpcf7-f27-o1\" \/><input type=\"hidden\" name=\"_wpcf7_container_post\" value=\"0\" \/><input type=\"hidden\" name=\"_wpcf7_posted_data_hash\" value=\"\" \/><input type=\"hidden\" name=\"_wpcf7_recaptcha_response\" value=\"\" \/>\n<\/fieldset>\n<p><label> Tu nombre<br \/>\n<span class=\"wpcf7-form-control-wrap\" data-name=\"your-name\"><input size=\"40\" maxlength=\"400\" class=\"wpcf7-form-control wpcf7-text wpcf7-validates-as-required\" autocomplete=\"name\" aria-required=\"true\" aria-invalid=\"false\" value=\"\" type=\"text\" name=\"your-name\" \/><\/span> <\/label>\n<\/p>\n<p><label> Tu correo electr\u00f3nico<br \/>\n<span class=\"wpcf7-form-control-wrap\" data-name=\"your-email\"><input size=\"40\" maxlength=\"400\" class=\"wpcf7-form-control wpcf7-email wpcf7-validates-as-required wpcf7-text wpcf7-validates-as-email\" autocomplete=\"email\" aria-required=\"true\" aria-invalid=\"false\" value=\"\" type=\"email\" name=\"your-email\" \/><\/span> <\/label>\n<\/p>\n<p><label> Tu Tel\u00e9fono<br \/>\n<span class=\"wpcf7-form-control-wrap\" data-name=\"tel-320\"><input size=\"40\" maxlength=\"400\" class=\"wpcf7-form-control wpcf7-tel wpcf7-validates-as-required wpcf7-text wpcf7-validates-as-tel\" aria-required=\"true\" aria-invalid=\"false\" value=\"\" type=\"tel\" name=\"tel-320\" \/><\/span><\/label>\n<\/p>\n<p><label> Asunto<br \/>\n<span class=\"wpcf7-form-control-wrap\" data-name=\"your-subject\"><input size=\"40\" maxlength=\"400\" class=\"wpcf7-form-control wpcf7-text wpcf7-validates-as-required\" aria-required=\"true\" aria-invalid=\"false\" value=\"\" type=\"text\" name=\"your-subject\" \/><\/span> <\/label>\n<\/p>\n<p><label> Tu mensaje (opcional)<br \/>\n<span class=\"wpcf7-form-control-wrap\" data-name=\"your-message\"><textarea cols=\"40\" rows=\"10\" maxlength=\"2000\" class=\"wpcf7-form-control wpcf7-textarea wpcf7-validates-as-required\" aria-required=\"true\" aria-invalid=\"false\" name=\"your-message\"><\/textarea><\/span> <\/label>\n<\/p>\n<p><input class=\"wpcf7-form-control wpcf7-submit has-spinner\" type=\"submit\" value=\"Enviar\" \/>\n<\/p><p style=\"display: none !important;\" class=\"akismet-fields-container\" data-prefix=\"_wpcf7_ak_\"><label>&#916;<textarea name=\"_wpcf7_ak_hp_textarea\" cols=\"45\" rows=\"8\" maxlength=\"100\"><\/textarea><\/label><input type=\"hidden\" id=\"ak_js_1\" name=\"_wpcf7_ak_js\" value=\"107\"\/><script>document.getElementById( \"ak_js_1\" ).setAttribute( \"value\", ( new Date() ).getTime() );<\/script><\/p><div class=\"wpcf7-response-output\" aria-hidden=\"true\"><\/div>\n<\/form>\n<\/div>\n\n<\/div>\n<\/div><\/div><\/section>\n","protected":false},"excerpt":{"rendered":"","protected":false},"author":1,"featured_media":0,"parent":0,"menu_order":0,"comment_status":"closed","ping_status":"closed","template":"","meta":{"footnotes":""},"class_list":["post-11","page","type-page","status-publish"],"aioseo_notices":[],"_links":{"self":[{"href":"https:\/\/alebaquero.com\/index.php?rest_route=\/wp\/v2\/pages\/11","targetHints":{"allow":["GET"]}}],"collection":[{"href":"https:\/\/alebaquero.com\/index.php?rest_route=\/wp\/v2\/pages"}],"about":[{"href":"https:\/\/alebaquero.com\/index.php?rest_route=\/wp\/v2\/types\/page"}],"author":[{"embeddable":true,"href":"https:\/\/alebaquero.com\/index.php?rest_route=\/wp\/v2\/users\/1"}],"replies":[{"embeddable":true,"href":"https:\/\/alebaquero.com\/index.php?rest_route=%2Fwp%2Fv2%2Fcomments&post=11"}],"version-history":[{"count":111,"href":"https:\/\/alebaquero.com\/index.php?rest_route=\/wp\/v2\/pages\/11\/revisions"}],"predecessor-version":[{"id":235,"href":"https:\/\/alebaquero.com\/index.php?rest_route=\/wp\/v2\/pages\/11\/revisions\/235"}],"wp:attachment":[{"href":"https:\/\/alebaquero.com\/index.php?rest_route=%2Fwp%2Fv2%2Fmedia&parent=11"}],"curies":[{"name":"wp","href":"https:\/\/api.w.org\/{rel}","templated":true}]}}